{"id":159,"date":"2024-08-18T01:36:03","date_gmt":"2024-08-17T23:36:03","guid":{"rendered":"https:\/\/www.beumelburg.no\/?page_id=159"},"modified":"2024-09-06T11:39:06","modified_gmt":"2024-09-06T09:39:06","slug":"oppskrifter","status":"publish","type":"page","link":"https:\/\/www.beumelburg.no\/en\/oppskrifter\/","title":{"rendered":"Recipes"},"content":{"rendered":"<h2 class=\"wp-block-heading has-text-align-center has-background has-x-large-font-size\" style=\"background-color:#f58325\">Recipes<\/h2>\n\n\n\n<div style=\"height:25px\" aria-hidden=\"true\" class=\"wp-block-spacer\"><\/div>\n\n\n\n<div class=\"wp-block-columns @media only screen and (max-width: 768px) {  .wp-block-column:nth-child(1) order: 2; } .wp-block-column:nth-child(2) 1; is-layout-flex wp-container-core-columns-is-layout-28f84493 wp-block-columns-is-layout-flex\">\n<div class=\"wp-block-column is-vertically-aligned-center is-layout-flow wp-block-column-is-layout-flow\" style=\"flex-basis:33.33%\">\n<figure class=\"wp-block-image aligncenter size-full is-resized has-custom-border wp-duotone-unset-1\"><img loading=\"lazy\" decoding=\"async\" width=\"1024\" height=\"1024\" src=\"https:\/\/www.beumelburg.no\/wp-content\/uploads\/2024\/08\/48730b40-07b1-409e-a7a1-e9b97f6857c7.webp\" alt=\"\" class=\"wp-image-160\" style=\"border-radius:100px;width:200px\" srcset=\"https:\/\/www.beumelburg.no\/wp-content\/uploads\/2024\/08\/48730b40-07b1-409e-a7a1-e9b97f6857c7.webp 1024w, https:\/\/www.beumelburg.no\/wp-content\/uploads\/2024\/08\/48730b40-07b1-409e-a7a1-e9b97f6857c7-300x300.webp 300w, https:\/\/www.beumelburg.no\/wp-content\/uploads\/2024\/08\/48730b40-07b1-409e-a7a1-e9b97f6857c7-150x150.webp 150w, https:\/\/www.beumelburg.no\/wp-content\/uploads\/2024\/08\/48730b40-07b1-409e-a7a1-e9b97f6857c7-768x768.webp 768w, https:\/\/www.beumelburg.no\/wp-content\/uploads\/2024\/08\/48730b40-07b1-409e-a7a1-e9b97f6857c7-12x12.webp 12w, https:\/\/www.beumelburg.no\/wp-content\/uploads\/2024\/08\/48730b40-07b1-409e-a7a1-e9b97f6857c7-800x800.webp 800w\" sizes=\"auto, (max-width: 1024px) 100vw, 1024px\" \/><\/figure>\n<\/div>\n\n\n\n<div class=\"wp-block-column is-layout-flow wp-block-column-is-layout-flow\" style=\"flex-basis:66.66%\">\n<h2 class=\"wp-block-heading has-large-font-size\">Vegetarian dishes<\/h2>\n\n\n\n<p class=\"has-small-font-size\">Are you looking for tasty and nutritious vegetarian dishes? Then this is the cookbook for you! Here there is a wide selection of exciting recipes that will inspire you to make delicious vegetarian food at home.<\/p>\n\n\n\n<div class=\"wp-block-buttons is-content-justification-center is-layout-flex wp-container-core-buttons-is-layout-a89b3969 wp-block-buttons-is-layout-flex\">\n<div class=\"wp-block-button has-custom-font-size has-small-font-size\"><a class=\"wp-block-button__link has-white-color has-text-color has-background has-link-color has-text-align-center wp-element-button\" href=\"https:\/\/mealie.beumelburg.no\/g\/husholdning\/cookbooks\/vegetarianeren\" style=\"border-radius:100px;background-color:#f58325\">Check out the vegetarian cookbook here<\/a><\/div>\n<\/div>\n<\/div>\n<\/div>\n\n\n\n<div style=\"height:25px\" aria-hidden=\"true\" class=\"wp-block-spacer\"><\/div>\n\n\n\n<div class=\"wp-block-columns is-layout-flex wp-container-core-columns-is-layout-28f84493 wp-block-columns-is-layout-flex\">\n<div class=\"wp-block-column is-layout-flow wp-block-column-is-layout-flow\" style=\"flex-basis:66.66%\">\n<h2 class=\"wp-block-heading has-large-font-size\">Asian dishes<\/h2>\n\n\n\n<p class=\"has-small-font-size\">Do you want to bring authentic Asian flavors into your own kitchen? Here you will find a number of exciting recipes that make it easy to prepare Asian dishes at home. With simple step-by-step recipes, you can make tasty meals that impress.<\/p>\n\n\n\n<div class=\"wp-block-buttons is-content-justification-center is-layout-flex wp-container-core-buttons-is-layout-a89b3969 wp-block-buttons-is-layout-flex\">\n<div class=\"wp-block-button has-custom-font-size has-small-font-size\"><a class=\"wp-block-button__link has-white-color has-text-color has-background has-link-color has-text-align-center wp-element-button\" href=\"https:\/\/mealie.beumelburg.no\/g\/husholdning\/cookbooks\/asiatiske-retter\" style=\"border-radius:100px;background-color:#f58325\">Check out the Asian cookbook here<\/a><\/div>\n<\/div>\n<\/div>\n\n\n\n<div class=\"wp-block-column is-vertically-aligned-center is-layout-flow wp-block-column-is-layout-flow\" style=\"flex-basis:33.33%\">\n<figure class=\"wp-block-image aligncenter size-full is-resized has-custom-border wp-duotone-unset-2\"><img loading=\"lazy\" decoding=\"async\" width=\"1024\" height=\"1024\" src=\"https:\/\/www.beumelburg.no\/wp-content\/uploads\/2024\/08\/asiatisk.webp\" alt=\"\" class=\"wp-image-161\" style=\"border-radius:100px;width:200px\" srcset=\"https:\/\/www.beumelburg.no\/wp-content\/uploads\/2024\/08\/asiatisk.webp 1024w, https:\/\/www.beumelburg.no\/wp-content\/uploads\/2024\/08\/asiatisk-300x300.webp 300w, https:\/\/www.beumelburg.no\/wp-content\/uploads\/2024\/08\/asiatisk-150x150.webp 150w, https:\/\/www.beumelburg.no\/wp-content\/uploads\/2024\/08\/asiatisk-768x768.webp 768w, https:\/\/www.beumelburg.no\/wp-content\/uploads\/2024\/08\/asiatisk-12x12.webp 12w, https:\/\/www.beumelburg.no\/wp-content\/uploads\/2024\/08\/asiatisk-800x800.webp 800w\" sizes=\"auto, (max-width: 1024px) 100vw, 1024px\" \/><\/figure>\n<\/div>\n<\/div>\n\n\n\n<p><\/p>","protected":false},"excerpt":{"rendered":"<p>Oppskrifter Vegetar-retter Er du p\u00e5 jakt etter smakfulle og n\u00e6ringsrike vegetariske retter? Da er dette kokeboka for deg! Her er det et bredt utvalg av spennende oppskrifter som vil inspirere deg til \u00e5 lage deilig vegetarmat hjemme. Asiatiske retter \u00d8nsker du \u00e5 bringe autentiske asiatiske smaker inn i ditt eget kj\u00f8kken? Her finner du en [&hellip;]<\/p>","protected":false},"author":1,"featured_media":0,"parent":0,"menu_order":2,"comment_status":"closed","ping_status":"closed","template":"","meta":{"inline_featured_image":false,"footnotes":""},"class_list":["post-159","page","type-page","status-publish","hentry"],"_links":{"self":[{"href":"https:\/\/www.beumelburg.no\/en\/wp-json\/wp\/v2\/pages\/159","targetHints":{"allow":["GET"]}}],"collection":[{"href":"https:\/\/www.beumelburg.no\/en\/wp-json\/wp\/v2\/pages"}],"about":[{"href":"https:\/\/www.beumelburg.no\/en\/wp-json\/wp\/v2\/types\/page"}],"author":[{"embeddable":true,"href":"https:\/\/www.beumelburg.no\/en\/wp-json\/wp\/v2\/users\/1"}],"replies":[{"embeddable":true,"href":"https:\/\/www.beumelburg.no\/en\/wp-json\/wp\/v2\/comments?post=159"}],"version-history":[{"count":20,"href":"https:\/\/www.beumelburg.no\/en\/wp-json\/wp\/v2\/pages\/159\/revisions"}],"predecessor-version":[{"id":222,"href":"https:\/\/www.beumelburg.no\/en\/wp-json\/wp\/v2\/pages\/159\/revisions\/222"}],"wp:attachment":[{"href":"https:\/\/www.beumelburg.no\/en\/wp-json\/wp\/v2\/media?parent=159"}],"curies":[{"name":"wp","href":"https:\/\/api.w.org\/{rel}","templated":true}]}}